{"id":6667,"date":"2023-06-04T09:42:11","date_gmt":"2023-06-04T09:42:11","guid":{"rendered":"https:\/\/riccardoz34.sg-host.com\/?page_id=6667"},"modified":"2023-06-04T09:48:04","modified_gmt":"2023-06-04T09:48:04","slug":"termini-e-condizioni","status":"publish","type":"page","link":"https:\/\/leviaggiatricisolitarie.it\/en\/termini-e-condizioni\/","title":{"rendered":"Termini e Condizioni"},"content":{"rendered":"<p><em>Ultimo aggiornamento 4 Giugno 2023<\/em><\/p>\n\n\n\n<h2 class=\"wp-block-heading\">1. Introduzione<\/h2>\n\n\n\n<p>Questi Termini e Condizioni si applicano a questo sito web e alle transazioni relative ai nostri prodotti e servizi.&nbsp;Pu\u00f2 essere vincolato da ulteriori contratti relativi alla tua relazione con noi o a qualsiasi prodotto o servizio che ricevi da noi.&nbsp;Se qualsiasi disposizione dei contratti aggiuntivi \u00e8 in conflitto con qualsiasi disposizione di questi Termini, le disposizioni di questi contratti aggiuntivi controlleranno e prevarranno.<\/p>\n\n\n\n<h2 class=\"wp-block-heading\">2. Vincolo<\/h2>\n\n\n\n<p>Registrandosi, accedendo o utilizzando in altro modo questo sito web, l\u2019utente accetta di essere vincolato da questi Termini e condizioni di seguito riportati.&nbsp;Il semplice uso di questo sito web implica la conoscenza e l\u2019accettazione di questi termini e condizioni.&nbsp;In alcuni casi particolari, possiamo anche chiederle di acconsentire esplicitamente.<\/p>\n\n\n\n<h2 class=\"wp-block-heading\">3. Comunicazione elettronica<\/h2>\n\n\n\n<p>Utilizzando questo sito web o comunicando con noi per via elettronica, lei accetta e riconosce che possiamo comunicare con lei elettronicamente sul nostro sito web o inviandole un\u2019e-mail, e accetta che tutti gli accordi, gli avvisi, le divulgazioni e le altre comunicazioni che le forniamo elettronicamente soddisfino qualsiasi requisito legale, incluso ma non limitato al requisito che tali comunicazioni debbano essere in forma scritta.<\/p>\n\n\n\n<h2 class=\"wp-block-heading\">4. Propriet\u00e0 intellettuale<\/h2>\n\n\n\n<p>Noi o i nostri licenziatari possediamo e controlliamo tutti i diritti d\u2019autore e gli altri diritti di propriet\u00e0 intellettuale del sito web e i dati, le informazioni e le altre risorse visualizzate o accessibili all\u2019interno del sito web.<\/p>\n\n\n\n<p>4.1 Tutti i diritti sono riservati<\/p>\n\n\n\n<p>A meno che il contenuto specifico non imponga diversamente, all\u2019utente non viene concessa una licenza o qualsiasi altro diritto in base a diritti d\u2019autore, marchi, brevetti o altri diritti di propriet\u00e0 intellettuale.&nbsp;Ci\u00f2 significa che non potrete utilizzare, copiare, riprodurre, eseguire, mostrare, distribuire, incorporare in qualsiasi mezzo elettronico, alterare, decompilare, trasferire, scaricare, trasmettere, monetizzare, vendere o commercializzare qualsiasi risorsa di questo sito web in qualsiasi forma, senza il nostro previo permesso scritto, tranne e solo nella misura in cui sia diversamente stabilito in regolamenti di legge obbligatori (come il diritto di citazione).<\/p>\n\n\n\n<h2 class=\"wp-block-heading\">5. Newsletter<\/h2>\n\n\n\n<p>Nonostante quanto sopra, \u00e8 possibile inoltrare la nostra newsletter in forma elettronica ad altre persone che potrebbero essere interessate a visitare il nostro sito web.<\/p>\n\n\n\n<h2 class=\"wp-block-heading\">6. Propriet\u00e0 di terzi<\/h2>\n\n\n\n<p>Il nostro sito web pu\u00f2 includere collegamenti ipertestuali o altri riferimenti a siti web di altre parti.&nbsp;Non controlliamo o rivediamo il contenuto dei siti web di altre parti che sono collegati a questo sito web.&nbsp;I prodotti o i servizi offerti da altri siti web sono soggetti ai Termini e Condizioni applicabili di queste terze parti.&nbsp;Le opinioni espresse o il materiale che appare su questi siti web non sono necessariamente condivise o approvate da noi.<\/p>\n\n\n\n<p>Non saremo responsabili delle pratiche di privacy o del contenuto di questi siti.&nbsp;Lei sopporta tutti i rischi associati all\u2019uso di questi siti web e di qualsiasi servizio di terzi collegato.&nbsp;Non accetteremo alcuna responsabilit\u00e0 per eventuali perdite o danni in qualsiasi modo, comunque causati, derivanti dalla vostra divulgazione a terzi di informazioni personali.<\/p>\n\n\n\n<h2 class=\"wp-block-heading\">7. Utilizzo responsabile<\/h2>\n\n\n\n<p>Visitando il nostro sito web, l\u2019utente accetta di utilizzarlo solo per gli scopi previsti e come consentito da queste Condizioni, da qualsiasi contratto aggiuntivo con noi, e dalle leggi e dai regolamenti applicabili, nonch\u00e9 dalle pratiche online generalmente accettate e dalle linee guida del settore.&nbsp;Non pu\u00f2 utilizzare il nostro sito web o i nostri servizi per utilizzare, pubblicare o distribuire qualsiasi materiale che consiste in (o \u00e8 collegato a) software per computer dannosi; utilizzare i dati raccolti dal nostro sito web per qualsiasi attivit\u00e0 di marketing diretto, o condurre qualsiasi attivit\u00e0 di raccolta dati sistematica o automatizzata su o in relazione al nostro sito web.<\/p>\n\n\n\n<p>\u00c8 severamente vietato intraprendere qualsiasi attivit\u00e0 che causi, o possa causare, danni al sito web o che interferisca con le prestazioni, la disponibilit\u00e0 o l\u2019accessibilit\u00e0 del sito web.<\/p>\n\n\n\n<h2 class=\"wp-block-heading\">8. Registrazione<\/h2>\n\n\n\n<p>Pu\u00f2 registrarsi per un account sul nostro sito web.&nbsp;Durante questo processo, ti potrebbe essere richiesto di scegliere una password.&nbsp;L\u2019utente \u00e8 responsabile del mantenimento della riservatezza delle password e delle informazioni dell\u2019account e accetta di non condividere le sue password, le informazioni dell\u2019account o l\u2019accesso protetto al nostro sito web o ai servizi con altre persone.&nbsp;Lei non deve permettere a nessun\u2019altra persona di usare il suo account per accedere al sito web perch\u00e9 lei \u00e8 responsabile di tutte le attivit\u00e0 che avvengono attraverso l\u2019uso delle sue password o account.&nbsp;Deve informarci immediatamente se viene a conoscenza di qualsiasi divulgazione della sua password.<\/p>\n\n\n\n<p>Dopo la chiusura dell\u2019account, non tenterete di registrare un nuovo account senza il nostro permesso.<\/p>\n\n\n\n<h2 class=\"wp-block-heading\">9. Presentazione di idee<\/h2>\n\n\n\n<p>Non presentare idee, invenzioni, opere d\u2019autore o altre informazioni che possono essere considerate propriet\u00e0 intellettuale propria che vorresti presentarci, a meno che non abbiamo prima firmato un accordo sulla propriet\u00e0 intellettuale o un accordo di non divulgazione.&nbsp;Se ce lo riveli in assenza di tale accordo scritto, ci concedi una licenza mondiale, irrevocabile, non esclusiva, priva di royalty per utilizzare, riprodurre, memorizzare, adattare, pubblicare, tradurre e distribuire il tuo contenuto in qualsiasi media esistente o futuro.<\/p>\n\n\n\n<h2 class=\"wp-block-heading\">10. Cessazione dell&#8217;uso<\/h2>\n\n\n\n<p>Possiamo, a nostra sola discrezione, in qualsiasi momento modificare o interrompere l\u2019accesso, temporaneamente o permanentemente, al sito web o a qualsiasi servizio su di esso.&nbsp;Lei accetta che non saremo responsabili nei Suoi confronti o nei confronti di terzi per qualsiasi modifica, sospensione o interruzione del Suo accesso o uso del sito web o di qualsiasi contenuto che Lei possa aver condiviso sul sito web.&nbsp;Non avr\u00e0 diritto ad alcun indennizzo o altro pagamento, anche se alcune caratteristiche, impostazioni, e\/o qualsiasi Contenuto che lei ha contribuito o su cui ha fatto affidamento, sono permanentemente persi.&nbsp;Non pu\u00f2 eludere o bypassare, o tentare di eludere o bypassare, qualsiasi misura di restrizione di accesso sul nostro sito web.<\/p>\n\n\n\n<h2 class=\"wp-block-heading\">11. Garanzie e responsabilit\u00e0<\/h2>\n\n\n\n<p>Niente in questa sezione limiter\u00e0 o escluder\u00e0 qualsiasi garanzia implicita per legge che sarebbe illegale limitare o escludere.&nbsp;Questo sito web e tutti i contenuti del sito web sono forniti su una base \u201d cos\u00ec com\u2019\u00e8 \u201d e \u201d come disponibile \u201d e possono includere imprecisioni o errori tipografici.&nbsp;Decliniamo espressamente tutte le garanzie di qualsiasi tipo, sia espresse che implicite, per quanto riguarda la disponibilit\u00e0, l\u2019accuratezza o la completezza del Contenuto.&nbsp;Non garantiamo che:<\/p>\n\n\n\n<ul>\n<li>questo sito web o i nostri prodotti o servizi soddisfino le sue esigenze;<\/li>\n\n\n\n<li>questo sito web sar\u00e0 disponibile in modo ininterrotto, tempestivo, sicuro o senza errori;<\/li>\n\n\n\n<li>la qualit\u00e0 di qualsiasi prodotto o servizio acquistato o ottenuto da voi attraverso questo sito web soddisfer\u00e0 le vostre aspettative.<\/li>\n<\/ul>\n\n\n\n<p>Nulla di questo sito web costituisce o \u00e8 destinato a costituire una consulenza legale, finanziaria o medica di qualsiasi tipo.&nbsp;Se avete bisogno di consigli dovreste consultare un professionista appropriato.<\/p>\n\n\n\n<p>Le seguenti disposizioni di questa sezione si applicheranno nella misura massima consentita dalla legge applicabile e non limiteranno o escluderanno la nostra responsabilit\u00e0 in relazione a qualsiasi questione che sarebbe illegale o illegale per noi limitare o escludere la nostra responsabilit\u00e0.&nbsp;In nessun caso saremo responsabili per qualsiasi danno diretto o indiretto (compresi i danni per la perdita di profitti o entrate, perdita o corruzione di dati, software o database, o perdita o danno alla propriet\u00e0 o ai dati) sostenuti da voi o da qualsiasi terza parte, derivanti dal vostro accesso o uso del nostro sito web.<\/p>\n\n\n\n<p>Tranne nella misura in cui qualsiasi contratto aggiuntivo dichiara espressamente il contrario, la nostra massima responsabilit\u00e0 nei vostri confronti per tutti i danni derivanti da o relativi al sito web o a qualsiasi prodotto e servizio commercializzato o venduto attraverso il sito web, indipendentemente dalla forma di azione legale che impone la responsabilit\u00e0 (sia nel contratto, equit\u00e0, negligenza, condotta intenzionale, torto o altro) sar\u00e0 limitata al prezzo totale che avete pagato a noi per acquistare tali prodotti o servizi o utilizzare il sito web.&nbsp;Tale limite si applicher\u00e0 nel complesso a tutti i vostri reclami, azioni e cause di azione di ogni tipo e natura.<\/p>\n\n\n\n<h2 class=\"wp-block-heading\">12. Privacy<\/h2>\n\n\n\n<p>Per accedere al nostro sito web e\/o ai nostri servizi, ti pu\u00f2 essere richiesto di fornire alcune informazioni su di te come parte del processo di registrazione.&nbsp;L\u2019utente accetta che qualsiasi informazione fornita sia sempre accurata, corretta e aggiornata.<\/p>\n\n\n\n<p>Prendiamo sul serio i vostri dati personali e ci impegniamo a proteggere la vostra privacy.&nbsp;Non useremo il suo indirizzo e-mail per posta non richiesta.&nbsp;Qualsiasi e-mail inviata da noi a voi sar\u00e0 solo in connessione con la fornitura di prodotti o servizi concordati.<\/p>\n\n\n\n<p>Abbiamo sviluppato una politica per affrontare qualsiasi preoccupazione sulla privacy che potresti avere.&nbsp;Per ulteriori informazioni, si prega di consultare la nostra&nbsp;<a href=\"\/en\/privacy-policy\/\">Privacy Statement<\/a>&nbsp;e la nostra&nbsp;<a href=\"\/en\/cookie-policy\/\">Cookie Policy<\/a>.<\/p>\n\n\n\n<h2 class=\"wp-block-heading\">13. Restrizioni all&#8217;esportazione \/ Conformit\u00e0 legale<\/h2>\n\n\n\n<p>L\u2019accesso al sito web da territori o paesi in cui il Contenuto o l\u2019acquisto di prodotti o Servizi venduti sul sito web \u00e8 illegale \u00e8 proibito.\u00a0Non pu\u00f2 utilizzare questo sito web in violazione delle leggi e dei regolamenti sull\u2019esportazione di Italia.<\/p>\n\n\n\n<h2 class=\"wp-block-heading\">14. Assegnazione<\/h2>\n\n\n\n<p>Non pu\u00f2 assegnare, trasferire o subappaltare nessuno dei Suoi diritti e\/o obblighi ai sensi di questi Termini e condizioni, in tutto o in parte, a terzi senza il nostro previo consenso scritto.&nbsp;Qualsiasi presunta assegnazione in violazione di questa Sezione sar\u00e0 nulla.<\/p>\n\n\n\n<h2 class=\"wp-block-heading\">15. Violazioni di questi termini e condizioni<\/h2>\n\n\n\n<p>Senza pregiudicare gli altri nostri diritti ai sensi di questi Termini e Condizioni, se l\u2019utente viola questi Termini e Condizioni in qualsiasi modo, possiamo intraprendere le azioni che riteniamo appropriate per affrontare la violazione, compresa la sospensione temporanea o permanente del suo accesso al sito web, contattando il suo provider di servizi Internet per richiedere che blocchi il suo accesso al sito web, e\/o avviare un\u2019azione legale contro l\u2019utente.<\/p>\n\n\n\n<h2 class=\"wp-block-heading\">16. Forza maggiore<\/h2>\n\n\n\n<p>Fatta eccezione per gli obblighi di pagare denaro, nessun ritardo, fallimento o omissione da parte di una delle parti di eseguire o osservare uno qualsiasi dei suoi obblighi ai sensi del presente documento sar\u00e0 considerato una violazione di questi Termini e condizioni se e per tutto il tempo in cui tale ritardo, fallimento o omissione deriva da qualsiasi causa al di fuori del ragionevole controllo di quella parte.<\/p>\n\n\n\n<h2 class=\"wp-block-heading\">17. Indennizzo<\/h2>\n\n\n\n<p>Lei accetta di indennizzare, difendere e manlevare noi, da e contro qualsiasi reclamo, responsabilit\u00e0, danni, perdite e spese, relative alla sua violazione di questi termini e condizioni, e le leggi applicabili, compresi i diritti di propriet\u00e0 intellettuale e diritti di privacy.&nbsp;Ci rimborser\u00e0 prontamente per i nostri danni, perdite, costi e spese relativi a o derivanti da tali reclami.<\/p>\n\n\n\n<h2 class=\"wp-block-heading\">18. Rinuncia<\/h2>\n\n\n\n<p>La mancata applicazione di una qualsiasi delle disposizioni stabilite in questi Termini e Condizioni e in qualsiasi Accordo, o il mancato esercizio di qualsiasi opzione di rescissione, non deve essere interpretata come una rinuncia a tali disposizioni e non pregiudica la validit\u00e0 di questi Termini e Condizioni o di qualsiasi Accordo o parte di esso, o il diritto successivo di applicare ogni singola disposizione.<\/p>\n\n\n\n<h2 class=\"wp-block-heading\">19. Lingua<\/h2>\n\n\n\n<p>Questi Termini e Condizioni saranno interpretati e intesi esclusivamente in Italiano.&nbsp;Tutti gli avvisi e la corrispondenza saranno scritti esclusivamente in quella lingua.<\/p>\n\n\n\n<h2 class=\"wp-block-heading\">20. Accordo integrale<\/h2>\n\n\n\n<p>Questi Termini e condizioni, insieme alla nostra&nbsp;<a href=\"\/en\/privacy-policy\/\">privacy statement<\/a>&nbsp;e&nbsp;<a href=\"\/en\/cookie-policy\/\">cookie policy<\/a>, costituiscono l\u2019intero accordo tra voi e LA VIAGGIATRICE SOLITARIA DI FLAVIA DI CIANO P.IVA: IT02717890699 in relazione al vostro uso di questo sito web.<\/p>\n\n\n\n<h2 class=\"wp-block-heading\">21. Aggiornamento di questi termini e condizioni<\/h2>\n\n\n\n<p>Possiamo aggiornare questi Termini e Condizioni di volta in volta.&nbsp;La data indicata all\u2019inizio di questi Termini e Condizioni \u00e8 l\u2019ultima data di revisione.&nbsp;Vi daremo un avviso scritto di qualsiasi modifica o aggiornamento, e i Termini e Condizioni rivisti diventeranno effettivi dalla data in cui vi daremo tale avviso.&nbsp;L\u2019uso continuato di questo sito web in seguito alla pubblicazione di modifiche o aggiornamenti sar\u00e0 considerato come una notifica della vostra accettazione di rispettare e di essere vincolati da questi Termini e Condizioni.&nbsp;Per richiedere una versione precedente di questi termini e condizioni, contattateci.<\/p>\n\n\n\n<h2 class=\"wp-block-heading\">22. Scelta della legge e della giurisdizione<\/h2>\n\n\n\n<p>Questi Termini e Condizioni sono regolati dalle leggi italiane.\u00a0Qualsiasi controversia relativa ai presenti Termini e Condizioni sar\u00e0 soggetta alla giurisdizione dei tribunali italiani.\u00a0Se una qualsiasi parte o disposizione di questi Termini e Condizioni \u00e8 ritenuta da un tribunale o da un\u2019altra autorit\u00e0 non valida e\/o inapplicabile ai sensi della legge applicabile, tale parte o disposizione sar\u00e0 modificata, eliminata e\/o applicata nella misura massima consentita in modo da dare effetto all\u2019intento di questi Termini e Condizioni.\u00a0Le altre disposizioni non saranno interessate.<\/p>\n\n\n\n<h2 class=\"wp-block-heading\">23. Informazioni di contatto<\/h2>\n\n\n\n<p>Questo sito web \u00e8 di propriet\u00e0 e gestito da LA VIAGGIATRICE SOLITARIA DI FLAVIA DI CIANO P.IVA: IT02717890699.<\/p>\n\n\n\n<p>Puoi contattarci in merito a questi Termini e Condizioni scrivendoci o inviandoci un\u2019e-mail al seguente indirizzo:&nbsp;info@leviaggiatricisolitarie.it<br>Via Ippolito Sabino 5, 66034 \u2013 Lanciano (CH)<\/p>","protected":false},"excerpt":{"rendered":"<p>Ultimo aggiornamento 4 Giugno 2023 1. Introduzione Questi Termini e Condizioni si applicano a questo sito web e alle transazioni relative ai nostri prodotti e servizi.&nbsp;Pu\u00f2 essere vincolato da ulteriori contratti relativi alla tua relazione con noi o a qualsiasi prodotto o servizio che ricevi da noi.&nbsp;Se qualsiasi disposizione dei contratti aggiuntivi \u00e8 in conflitto [&hellip;]<\/p>\n","protected":false},"author":1,"featured_media":0,"parent":0,"menu_order":0,"comment_status":"closed","ping_status":"closed","template":"","meta":{"inline_featured_image":false,"footnotes":""},"_links":{"self":[{"href":"https:\/\/leviaggiatricisolitarie.it\/en\/wp-json\/wp\/v2\/pages\/6667"}],"collection":[{"href":"https:\/\/leviaggiatricisolitarie.it\/en\/wp-json\/wp\/v2\/pages"}],"about":[{"href":"https:\/\/leviaggiatricisolitarie.it\/en\/wp-json\/wp\/v2\/types\/page"}],"author":[{"embeddable":true,"href":"https:\/\/leviaggiatricisolitarie.it\/en\/wp-json\/wp\/v2\/users\/1"}],"replies":[{"embeddable":true,"href":"https:\/\/leviaggiatricisolitarie.it\/en\/wp-json\/wp\/v2\/comments?post=6667"}],"version-history":[{"count":5,"href":"https:\/\/leviaggiatricisolitarie.it\/en\/wp-json\/wp\/v2\/pages\/6667\/revisions"}],"predecessor-version":[{"id":6675,"href":"https:\/\/leviaggiatricisolitarie.it\/en\/wp-json\/wp\/v2\/pages\/6667\/revisions\/6675"}],"wp:attachment":[{"href":"https:\/\/leviaggiatricisolitarie.it\/en\/wp-json\/wp\/v2\/media?parent=6667"}],"curies":[{"name":"wp","href":"https:\/\/api.w.org\/{rel}","templated":true}]}}