{"id":3,"date":"2023-05-15T09:13:37","date_gmt":"2023-05-15T09:13:37","guid":{"rendered":"http:\/\/riccardoz34.sg-host.com\/?page_id=3"},"modified":"2023-08-28T15:44:12","modified_gmt":"2023-08-28T15:44:12","slug":"privacy-policy","status":"publish","type":"page","link":"https:\/\/leviaggiatricisolitarie.it\/en\/privacy-policy\/","title":{"rendered":"Privacy Policy"},"content":{"rendered":"<p>Informativa per il trattamento dei dati personali<\/p>\n\n\n\n<p><strong>La Viaggiatrice Solitaria<\/strong>&nbsp;di Flavia Di Ciano&nbsp;(in seguito, \u201c<strong>Titolare<\/strong>\u201d), in qualit\u00e0 di titolare del trattamento, informa ai sensi dell\u2019art. 13 D.Lgs. 30.06.2003 n. 196 (in seguito, \u201c<strong>Codice Privacy<\/strong>\u201d) e dell\u2019art. 13 Regolamento UE n. 2016\/679 (in seguito, \u201cGDPR\u201d) che i Vostri dati saranno trattati con le modalit\u00e0 e per le finalit\u00e0 seguenti:<\/p>\n\n\n\n<h3 class=\"wp-block-heading\">1. Oggetto del trattamento<\/h3>\n\n\n\n<p>Il Titolare tratta i dati personali, identificativi e non sensibili (a titolo esemplificativo ma non esaustivo, nome, cognome, ragione sociale, indirizzo, telefono, e-mail \u2013 in seguito, \u201cdati personali\u201d o anche \u201cdati\u201d) da Voi comunicati in occasione dell\u2019interazione con i servizi web <a href=\"https:\/\/leviaggiatricisolitarie.it\/en\/\">www.leviaggiatricisolitarie.it<\/a>, accessibili per via telematica a partire dall\u2019indirizzo: <a href=\"https:\/\/leviaggiatricisolitarie.it\/en\/\">www.leviaggiatricisolitarie.it<\/a> (a mero titolo esemplificativo registrazione al sito, compilazione di form di iscrizione tramite il Sito ad eventi organizzati dal titolare, richiesta on-line di chiarimenti o richieste di supporto e invio di newsletter) oppure da voi comunicati in occasione di eventi offline organizzati dal Titolare. L\u2019informativa \u00e8 resa solo per il sito <a href=\"https:\/\/leviaggiatricisolitarie.it\/en\/\">www.leviaggiatricisolitarie.it<\/a> e non anche per altri siti web eventualmente consultati dall\u2019utente tramite link.<\/p>\n\n\n\n<h3 class=\"wp-block-heading\">2. Finalit\u00e0 del trattamento<\/h3>\n\n\n\n<p>I Vostri dati personali sono trattati:<br>A) per le seguenti Finalit\u00e0 di Servizio:<\/p>\n\n\n\n<ul>\n<li>gestire e mantenere il Sito;<\/li>\n\n\n\n<li>permettere di fruire dei Servizi eventualmente da Voi richiesti;<\/li>\n\n\n\n<li>partecipare tramite il Sito ad iniziative organizzate dal Titolare (ad esempio, workshop);<\/li>\n\n\n\n<li>processare una richiesta di contatto;<\/li>\n\n\n\n<li>adempiere agli obblighi previsti dalla legge, da un regolamento, dalla normativa comunitaria o da un ordine dell\u2019Autorit\u00e0;<\/li>\n\n\n\n<li>esercitare i diritti del Titolare, ad esempio il diritto di esercizio di un diritto in sede giudiziaria.<\/li>\n<\/ul>\n\n\n\n<p>B) Solo previo Vostro specifico e distinto consenso (artt. 23 e 130 Codice Privacy e art. 7 GDPR), per le seguenti Altre Finalit\u00e0:<\/p>\n\n\n\n<ul>\n<li>inviare via e-mail newsletter e\/o inviti ad eventi.<\/li>\n<\/ul>\n\n\n\n<p>Si informa altres\u00ec che i sistemi informatici e le procedure software preposte al funzionamento del sito web acquisiscono, nel corso del loro normale esercizio, alcuni dati personali la cui trasmissione \u00e8 implicita nell\u2019uso dei protocolli di comunicazione internet. Si tratta di informazioni che non sono raccolte per essere associate a interessati identificati, ma che per loro stessa natura potrebbero, attraverso elaborazioni ed associazioni con dati detenuti da terzi, permettere di identificare gli utenti. In questa categoria di dati rientrano gli indirizzi IP o i nomi a dominio dei computer utilizzati dagli utenti che si connettono al sito, gli indirizzi in notazione URI (Uniform Resource Identifier) delle risorse richieste, l\u2019orario della richiesta, il metodo utilizzato nel sottoporre la richiesta al server, la dimensione del file ottenuto in risposta, il codice numerico indicante lo stato della risposta data dal server (buon fine, errore, ecc.) ed altri parametri relativi al sistema operativo e all\u2019ambiente informatico dell\u2019utente.<\/p>\n\n\n\n<h3 class=\"wp-block-heading\">3. Modalit\u00e0 del trattamento<\/h3>\n\n\n\n<p>Il trattamento dei Vostri dati personali \u00e8 realizzato per mezzo delle operazioni indicate all\u2019art. 4 Codice Privacy e all\u2019art. 4 n. 2) GDPR e precisamente: raccolta, registrazione, organizzazione, conservazione, consultazione, elaborazione, modificazione, selezione, estrazione, raffronto, utilizzo, interconnessione, blocco, comunicazione, cancellazione e distruzione dei dati. I Vostri dati personali sono sottoposti a trattamento sia cartaceo che elettronico e\/o automatizzato, mediante l\u2019uso di sito web ospitato su server gestito dalla societ\u00e0 Aruba S.p.A. \u2013&nbsp;Via San Clemente 53, 24036 Ponte San Pietro (BG)&nbsp;\u2013 P.IVA: 01573850516.<br>Il Titolare tratter\u00e0 i dati personali per il tempo necessario per adempiere alle finalit\u00e0 di cui sopra e comunque per non oltre 10 anni dalla cessazione del rapporto per le Finalit\u00e0 di Servizio e per non oltre 5 anni dalla raccolta dei dati per le Altre Finalit\u00e0.<\/p>\n\n\n\n<h3 class=\"wp-block-heading\">4. Sicurezza<\/h3>\n\n\n\n<p>Il Titolare ha adottato plurime misure di sicurezza per proteggere i Vostri dati contro il rischio di perdita, abuso o alterazione. A tal proposito ha adottato le misure ritenute opportune di cui agli artt. 32-34 Codice Privacy e all\u2019art. 32 GDPR; in particolare sono state adottate specifiche misure di sicurezza per prevenire la perdita dei dati, usi illeciti o non corretti, accessi non autorizzati.<\/p>\n\n\n\n<h3 class=\"wp-block-heading\">5. Comunicazione dei dati<\/h3>\n\n\n\n<p>Senza il Vostro espresso consenso (ex art. 24 lett. a), b), d) Codice Privacy e art. 6 lett. b) e c) GDPR), il Titolare potr\u00e0 comunicare i Vostri dati per le finalit\u00e0 di cui all\u2019art. 2.A) a Organismi di vigilanza, Autorit\u00e0 giudiziarie nonch\u00e9 a tutti gli altri soggetti ai quali la comunicazione sia obbligatoria per legge per l\u2019espletamento delle finalit\u00e0 dette. I Vostri dati non saranno diffusi.<\/p>\n\n\n\n<h3 class=\"wp-block-heading\">6. Luogo di trattamento dei dati dati<\/h3>\n\n\n\n<p>La gestione e la conservazione dei dati personali avverr\u00e0 presso la sede di La Viaggiatrice Solitaria.<\/p>\n\n\n\n<h3 class=\"wp-block-heading\">7. Natura del conferimento dei dati e conseguenze del rifiuto di rispondere<\/h3>\n\n\n\n<p>Il conferimento dei dati per le finalit\u00e0 di cui all\u2019art. 2.A) \u00e8 obbligatorio. In loro assenza, non potremo garantirvi n\u00e9 la registrazione al Sito n\u00e9 i Servizi dell\u2019art. 2.A).<br>Il conferimento dei dati per le finalit\u00e0 di cui all\u2019art. 2.B) \u00e8 invece facoltativo. Potete quindi decidere di non conferire alcun dato o di negare successivamente la possibilit\u00e0 di trattare dati gi\u00e0 forniti: in tal caso, non potrete ricevere via e-mail inviti ad eventi, newsletter e sondaggi di opinione e di gradimento. In ogni caso continuerete ad avere diritto ai Servizi di cui all\u2019art. 2.A).<\/p>\n\n\n\n<h3 class=\"wp-block-heading\">8. Diritti dell\u2019interessato<\/h3>\n\n\n\n<p>Nella Vostra qualit\u00e0 di interessati, avete i diritti di cui all\u2019art. 7 Codice Privacy e art. 15 GDPR e precisamente i diritti di:<\/p>\n\n\n\n<ol>\n<li>ottenere la conferma dell\u2019esistenza o meno di dati personali che Vi riguardano, anche se non ancora registrati, e la loro comunicazione in forma intelligibile;<\/li>\n\n\n\n<li>ottenere l\u2019indicazione: a) dell\u2019origine dei dati personali; b) delle finalit\u00e0 e modalit\u00e0 del trattamento; c) della logica applicata in caso di trattamento effettuato con l\u2019ausilio di strumenti elettronici; d) degli estremi identificativi del titolare, dei responsabili e del rappresentante designato ai sensi dell\u2019art. 5, comma 2 Codice Privacy e art. 3, comma 1, GDPR; e) dei soggetti o delle categorie di soggetti ai quali i dati personali possono essere comunicati o che possono venirne a conoscenza in qualit\u00e0 di rappresentante designato nel territorio dello Stato, di responsabili o incaricati;<\/li>\n\n\n\n<li>ottenere: a) l\u2019aggiornamento, la rettificazione ovvero, quando vi avete interesse, l\u2019integrazione dei dati; b) la cancellazione, la trasformazione in forma anonima o il blocco dei dati trattati in violazione di legge, compresi quelli di cui non \u00e8 necessaria la conservazione in relazione agli scopi per i quali i dati sono stati raccolti o successivamente trattati; c) l\u2019attestazione che le operazioni di cui alle lettere a) e b) sono state portate a conoscenza, anche per quanto riguarda il loro contenuto, di coloro ai quali i dati sono stati comunicati o diffusi, eccettuato il caso in cui tale adempimento si rivela impossibile o comporta un impiego di mezzi manifestamente sproporzionato rispetto al diritto tutelato;<\/li>\n\n\n\n<li>opporsi, in tutto o in parte: a) per motivi legittimi al trattamento dei dati personali che Vi riguardano, ancorch\u00e9 pertinenti allo scopo della raccolta; b) al trattamento di dati personali che Vi riguardano a fini di invio di materiale pubblicitario o di vendita diretta o per il compimento di ricerche di mercato o di comunicazione commerciale, mediante l\u2019uso di sistemi automatizzati di chiamata senza l\u2019intervento di un operatore mediante e-mail e\/o mediante modalit\u00e0 di marketing tradizionali mediante telefono e\/o posta cartacea. Si fa presente che il diritto di opposizione dell\u2019interessato, esposto al precedente punto b), per finalit\u00e0 di marketing diretto mediante modalit\u00e0 automatizzate si estende a quelle tradizionali e che comunque resta salva la possibilit\u00e0 per l\u2019interessato di esercitare il diritto di opposizione anche solo in parte. Pertanto, l\u2019interessato pu\u00f2 decidere di ricevere solo comunicazioni mediante modalit\u00e0 tradizionali ovvero solo comunicazioni automatizzate oppure nessuna delle due tipologie di comunicazione.<br>Ove applicabili, avete altres\u00ec i diritti di cui agli artt. 16-21 GDPR (Diritto di rettifica, diritto all\u2019oblio, diritto di limitazione di trattamento, diritto alla portabilit\u00e0 dei dati, diritto di opposizione), nonch\u00e9 il diritto di reclamo all\u2019Autorit\u00e0 Garante.<\/li>\n<\/ol>\n\n\n\n<h3 class=\"wp-block-heading\">9. Modalit\u00e0 di esercizio dei diritti<\/h3>\n\n\n\n<p>Potrete in qualsiasi momento esercitare i diritti inviando&nbsp;una e-mail all\u2019indirizzo:&nbsp;<a href=\"mailto:ciaoviaggiatrice@gmail.com\">ciaoviaggiatrice@gmail.com<\/a>.<\/p>\n\n\n\n<h3 class=\"wp-block-heading\">10. Minori<\/h3>\n\n\n\n<p>Questo Sito e i Servizi del Titolare non sono destinati a minori di 18 anni e il Titolare non raccoglie intenzionalmente informazioni personali riferite ai minori.<\/p>\n\n\n\n<h3 class=\"wp-block-heading\">11. Titolare, responsabile e incaricati<\/h3>\n\n\n\n<p>Il Titolare del trattamento \u00e8 La Viaggiatrice Solitaria di Flavia Di Ciano.<br>L\u2019elenco aggiornato dei responsabili e degli incaricati al trattamento \u00e8 custodito presso la sede del Titolare del trattamento.<\/p>\n\n\n\n<h3 class=\"wp-block-heading\">12. Modifiche alla presente Informativa<\/h3>\n\n\n\n<p>La presente Informativa pu\u00f2 subire variazioni. Ultimo aggiornamento: 28 agosto 2023.<\/p>","protected":false},"excerpt":{"rendered":"<p>Informativa per il trattamento dei dati personali La Viaggiatrice Solitaria&nbsp;di Flavia Di Ciano&nbsp;(in seguito, \u201cTitolare\u201d), in qualit\u00e0 di titolare del trattamento, informa ai sensi dell\u2019art. 13 D.Lgs. 30.06.2003 n. 196 (in seguito, \u201cCodice Privacy\u201d) e dell\u2019art. 13 Regolamento UE n. 2016\/679 (in seguito, \u201cGDPR\u201d) che i Vostri dati saranno trattati con le modalit\u00e0 e per [&hellip;]<\/p>\n","protected":false},"author":1,"featured_media":0,"parent":0,"menu_order":0,"comment_status":"closed","ping_status":"open","template":"","meta":{"inline_featured_image":false,"footnotes":""},"_links":{"self":[{"href":"https:\/\/leviaggiatricisolitarie.it\/en\/wp-json\/wp\/v2\/pages\/3"}],"collection":[{"href":"https:\/\/leviaggiatricisolitarie.it\/en\/wp-json\/wp\/v2\/pages"}],"about":[{"href":"https:\/\/leviaggiatricisolitarie.it\/en\/wp-json\/wp\/v2\/types\/page"}],"author":[{"embeddable":true,"href":"https:\/\/leviaggiatricisolitarie.it\/en\/wp-json\/wp\/v2\/users\/1"}],"replies":[{"embeddable":true,"href":"https:\/\/leviaggiatricisolitarie.it\/en\/wp-json\/wp\/v2\/comments?post=3"}],"version-history":[{"count":3,"href":"https:\/\/leviaggiatricisolitarie.it\/en\/wp-json\/wp\/v2\/pages\/3\/revisions"}],"predecessor-version":[{"id":7206,"href":"https:\/\/leviaggiatricisolitarie.it\/en\/wp-json\/wp\/v2\/pages\/3\/revisions\/7206"}],"wp:attachment":[{"href":"https:\/\/leviaggiatricisolitarie.it\/en\/wp-json\/wp\/v2\/media?parent=3"}],"curies":[{"name":"wp","href":"https:\/\/api.w.org\/{rel}","templated":true}]}}